{"id":80,"date":"2019-03-01T17:34:19","date_gmt":"2019-03-01T17:34:19","guid":{"rendered":"http:\/\/192.168.9.204\/wordpress\/?page_id=80"},"modified":"2026-01-27T11:21:47","modified_gmt":"2026-01-27T17:21:47","slug":"capacitaciones","status":"publish","type":"page","link":"https:\/\/cenida.una.edu.ni\/index.php\/capacitaciones\/","title":{"rendered":"Capacitaciones"},"content":{"rendered":"\n<h4 class=\"wp-block-heading\"><font style=\"vertical-align: inherit;\"><font style=\"vertical-align: inherit;\"><strong>\u00bfYa tiene su cuenta de acceso remoto?<\/strong><\/font><\/font><\/h4>\n\n\n\n<figure class=\"wp-block-image\"><a href=\"https:\/\/cenida.una.edu.ni\/accesoremoto\/alta\/index.php\"><img loading=\"lazy\" decoding=\"async\" width=\"80\" height=\"80\" src=\"https:\/\/cenida.una.edu.ni\/wp-content\/uploads\/2019\/03\/registrar.png\" alt=\"\" class=\"wp-image-1045\"\/><\/a><figcaption class=\"wp-element-caption\"><br><\/figcaption><\/figure>\n\n\n\n<h3 class=\"wp-block-heading\"> Accede a nuestro nuevo Manual Turnitin. <a href=\"https:\/\/cenida.una.edu.ni\/InstructivoTurnitin\/\">Clic aqu\u00ed<\/a> <\/h3>\n\n\n\n<p><\/p>\n\n\n\n<h2 class=\"wp-block-heading\"><strong>Curso Uso y Manejo de Recursos de Informaci\u00f3n 2022<\/strong><\/h2>\n\n\n\n<p><strong>Estrategias de b\u00fasquedas y uso de bases de datos. <br><a href=\"https:\/\/cenida.una.edu.ni\/wp-content\/uploads\/2022\/06\/EstrategiasBusquedas_2022.pptx\" target=\"_blank\" rel=\"noreferrer noopener\" aria-label=\" (opens in a new tab)\">Haga clic aqu\u00ed<\/a><\/strong><\/p>\n\n\n\n<p><strong>Implementaci\u00f3n de Turnitin Feedback Studio en la Universidad Nacional Agraria. <br><a href=\"https:\/\/cenida.una.edu.ni\/wp-content\/uploads\/2022\/06\/Turnitin2022.pptx\" target=\"_blank\" rel=\"noreferrer noopener\" aria-label=\" (opens in a new tab)\">Haga clic aqu\u00ed<\/a><\/strong><\/p>\n\n\n\n<p><strong>Uso de software de administraci\u00f3n bibliogr\u00e1fica Zotero versi\u00f3n 6. <br><a href=\"https:\/\/cenida.una.edu.ni\/wp-content\/uploads\/2022\/06\/Zotero2022-version-6.pptx\" target=\"_blank\" rel=\"noreferrer noopener\" aria-label=\" (opens in a new tab)\">Haga clic aqu\u00ed<\/a><\/strong><\/p>\n\n\n\n<h2 class=\"wp-block-heading\" id=\"mce_2\"><strong>WEBINAR<\/strong><\/h2>\n\n\n\n<p><strong>Presentaci\u00f3n de LEMB Digital<\/strong><\/p>\n\n\n\n<figure><iframe loading=\"lazy\" width=\"560\" height=\"315\" src=\"https:\/\/www.youtube.com\/embed\/lib-CtnsBQc\" allowfullscreen=\"\"><\/iframe><\/figure>\n\n\n\n<h2 class=\"wp-block-heading\"><br><\/h2>\n","protected":false},"excerpt":{"rendered":"<p>\u00bfYa tiene su cuenta de acceso remoto? Accede a nuestro nuevo Manual Turnitin. Clic aqu\u00ed Curso Uso y Manejo de<\/p>\n","protected":false},"author":1,"featured_media":0,"parent":0,"menu_order":0,"comment_status":"closed","ping_status":"closed","template":"","meta":{"colormag_page_container_layout":"no_sidebar_full_width","colormag_page_sidebar_layout":"right_sidebar","footnotes":""},"class_list":["post-80","page","type-page","status-publish","hentry"],"_links":{"self":[{"href":"https:\/\/cenida.una.edu.ni\/index.php\/wp-json\/wp\/v2\/pages\/80","targetHints":{"allow":["GET"]}}],"collection":[{"href":"https:\/\/cenida.una.edu.ni\/index.php\/wp-json\/wp\/v2\/pages"}],"about":[{"href":"https:\/\/cenida.una.edu.ni\/index.php\/wp-json\/wp\/v2\/types\/page"}],"author":[{"embeddable":true,"href":"https:\/\/cenida.una.edu.ni\/index.php\/wp-json\/wp\/v2\/users\/1"}],"replies":[{"embeddable":true,"href":"https:\/\/cenida.una.edu.ni\/index.php\/wp-json\/wp\/v2\/comments?post=80"}],"version-history":[{"count":125,"href":"https:\/\/cenida.una.edu.ni\/index.php\/wp-json\/wp\/v2\/pages\/80\/revisions"}],"predecessor-version":[{"id":6136,"href":"https:\/\/cenida.una.edu.ni\/index.php\/wp-json\/wp\/v2\/pages\/80\/revisions\/6136"}],"wp:attachment":[{"href":"https:\/\/cenida.una.edu.ni\/index.php\/wp-json\/wp\/v2\/media?parent=80"}],"curies":[{"name":"wp","href":"https:\/\/api.w.org\/{rel}","templated":true}]}}