{"id":770,"date":"2019-03-21T20:33:09","date_gmt":"2019-03-21T20:33:09","guid":{"rendered":"http:\/\/cenida.una.edu.ni\/?page_id=770"},"modified":"2019-03-22T17:47:14","modified_gmt":"2019-03-22T17:47:14","slug":"leyes-ambientales","status":"publish","type":"page","link":"https:\/\/cenida.una.edu.ni\/index.php\/leyes-ambientales\/","title":{"rendered":"Leyes Ambientales"},"content":{"rendered":"\n<p><strong>Fomento producci\u00f3n<\/strong><\/p>\n\n\n\n<p><strong><a rel=\"noreferrer noopener\" aria-label=\"LEY DE PRODUCCI\u00d3N Y COMERCIO DE SEMILLAS (opens in a new tab)\" href=\"https:\/\/cenida.una.edu.ni\/wp-content\/uploads\/2019\/03\/leyproducccionsemilla.htm\" target=\"_blank\">LEY DE PRODUCCI\u00d3N Y COMERCIO DE SEMILLAS<\/a><\/strong>; Ley No. 280 de 10 de Diciembre de 1997 .Publicado en la Gaceta No. 26 de 9 de Febrero de 1998.<\/p>\n\n\n\n<p><strong><a href=\"https:\/\/cenida.una.edu.ni\/wp-content\/uploads\/2019\/03\/Ley765.pdf\" target=\"_blank\" rel=\"noreferrer noopener\" aria-label=\"LEY DE FOMENTO A LA PRODUCCI\u00d3N AGROECOL\u00d3GICA U ORG\u00c1NICA (opens in a new tab)\">LEY DE FOMENTO A LA PRODUCCI\u00d3N AGROECOL\u00d3GICA U ORG\u00c1NICA<\/a>,<\/strong> <br>LEY No. 765&nbsp; <\/p>\n\n\n\n<p><em><strong> <\/strong><\/em><strong>Plaguicidas<\/strong><\/p>\n\n\n\n<p><strong><a rel=\"noreferrer noopener\" aria-label=\"LEY B\u00c1SICA PARA LA REGULACI\u00d3N Y CONTROL DE PLAGUICIDAS, SUSTANCIAS T\u00d3XICAS. (opens in a new tab)\" href=\"https:\/\/cenida.una.edu.ni\/wp-content\/uploads\/2019\/03\/leyregulacion.htm\" target=\"_blank\">LEY B\u00c1SICA PARA LA REGULACI\u00d3N Y CONTROL DE PLAGUICIDAS, SUSTANCIAS T\u00d3XICAS.<\/a><\/strong>  Ley No. 274. Aprobada el 5 de Noviembre de 1997. Publicado en la Gaceta No. 30 de 13 de Febrero de 1998.<\/p>\n\n\n\n<p><br><strong>Prevenci\u00f3n Riesgo<\/strong><\/p>\n\n\n\n<p><strong><a href=\"https:\/\/cenida.una.edu.ni\/wp-content\/uploads\/2019\/03\/Ley705.pdf\">LEY SOBRE PREVENCI\u00d3N DE RIESGOS PREVENIENTES DE ORGANISMO VIVOS MODIFICADOS POR MEDIO DE BIOTECNOLOG\u00cdA MOLECULAR<\/a><\/strong>; Ley No. 705 .<\/p>\n\n\n\n<p><strong>Reformas C\u00f3digo Penal<\/strong><\/p>\n\n\n\n<p><strong><a href=\"https:\/\/cenida.una.edu.ni\/wp-content\/uploads\/2019\/03\/reformas.htm\" target=\"_blank\" rel=\"noreferrer noopener\" aria-label=\"LEY DE REFORMAS Y ADICIONES AL CODIGO PENAL (opens in a new tab)\">LEY DE REFORMAS Y ADICIONES AL CODIGO PENAL<\/a><\/strong>; LEY No. 230, Aprobada el 13 de Agosto de 1996 Publicada en La Gaceta No. 191 de 9 de Octubre de 1996&nbsp; <\/p>\n\n\n\n<p><strong>Salud Animal, Sanidad Vegetal<\/strong><\/p>\n\n\n\n<p><strong><a rel=\"noreferrer noopener\" aria-label=\"REGLAMENTO A LA LEY No. 291.LEY B\u00c1SICA DE SALUD ANIMAL Y SANIDAD VEGETAL (opens in a new tab)\" href=\"https:\/\/cenida.una.edu.ni\/wp-content\/uploads\/2019\/03\/ley291.htm\" target=\"_blank\">REGLAMENTO A LA LEY No. 291.LEY B\u00c1SICA DE SALUD ANIMAL Y SANIDAD VEGETAL<\/a><\/strong>; DECRETO No. 2-99, Aprobado el 20 de Enero de 1999 Publicado en La Gaceta No.14 del 21 de Enero de 1999.<\/p>\n\n\n\n<p> <br><strong>Medio Ambiente  <\/strong><\/p>\n\n\n\n<p><strong><a rel=\"noreferrer noopener\" aria-label=\"LEY GENERAL DEL MEDIO AMBIENTE Y LOS RECURSOS NATURALES (opens in a new tab)\" href=\"https:\/\/cenida.una.edu.ni\/wp-content\/uploads\/2019\/03\/ley217.pdf\" target=\"_blank\">LEY GENERAL DEL MEDIO AMBIENTE Y LOS RECURSOS NATURALES<\/a>&nbsp;<\/strong>; LEY No. 217&nbsp; <\/p>\n\n\n\n<h2 class=\"wp-block-heading\">Leyes protecci\u00f3n animal<\/h2>\n\n\n\n<p><strong>Crianza en Cautiverio<\/strong><\/p>\n\n\n\n<p><strong><a href=\"https:\/\/cenida.una.edu.ni\/wp-content\/uploads\/2019\/03\/ntoncrianzacautivero.pdf\" target=\"_blank\" rel=\"noreferrer noopener\" aria-label=\"NORMA T\u00c9CNICA OBLIGATORIA NICARAGUENSE DE CRIANZA EN CAUTIVERIO (opens in a new tab)\">NORMA T\u00c9CNICA OBLIGATORIA NICARAGUENSE DE CRIANZA EN CAUTIVERIO<\/a><\/strong>; NTON 05 020-12&nbsp; <\/p>\n","protected":false},"excerpt":{"rendered":"<p>Fomento producci\u00f3n LEY DE PRODUCCI\u00d3N Y COMERCIO DE SEMILLAS; Ley No. 280 de 10 de Diciembre de 1997 .Publicado en<\/p>\n","protected":false},"author":1,"featured_media":0,"parent":0,"menu_order":0,"comment_status":"closed","ping_status":"closed","template":"","meta":{"colormag_page_container_layout":"default_layout","colormag_page_sidebar_layout":"default_layout","footnotes":""},"class_list":["post-770","page","type-page","status-publish","hentry"],"_links":{"self":[{"href":"https:\/\/cenida.una.edu.ni\/index.php\/wp-json\/wp\/v2\/pages\/770","targetHints":{"allow":["GET"]}}],"collection":[{"href":"https:\/\/cenida.una.edu.ni\/index.php\/wp-json\/wp\/v2\/pages"}],"about":[{"href":"https:\/\/cenida.una.edu.ni\/index.php\/wp-json\/wp\/v2\/types\/page"}],"author":[{"embeddable":true,"href":"https:\/\/cenida.una.edu.ni\/index.php\/wp-json\/wp\/v2\/users\/1"}],"replies":[{"embeddable":true,"href":"https:\/\/cenida.una.edu.ni\/index.php\/wp-json\/wp\/v2\/comments?post=770"}],"version-history":[{"count":18,"href":"https:\/\/cenida.una.edu.ni\/index.php\/wp-json\/wp\/v2\/pages\/770\/revisions"}],"predecessor-version":[{"id":911,"href":"https:\/\/cenida.una.edu.ni\/index.php\/wp-json\/wp\/v2\/pages\/770\/revisions\/911"}],"wp:attachment":[{"href":"https:\/\/cenida.una.edu.ni\/index.php\/wp-json\/wp\/v2\/media?parent=770"}],"curies":[{"name":"wp","href":"https:\/\/api.w.org\/{rel}","templated":true}]}}