{"id":62,"date":"2019-03-01T17:10:34","date_gmt":"2019-03-01T17:10:34","guid":{"rendered":"http:\/\/192.168.9.204\/wordpress\/?page_id=62"},"modified":"2023-02-08T08:41:57","modified_gmt":"2023-02-08T14:41:57","slug":"sobre-el-cenida","status":"publish","type":"page","link":"https:\/\/cenida.una.edu.ni\/index.php\/sobre-el-cenida\/","title":{"rendered":"Acerca de"},"content":{"rendered":"\n<h4 class=\"wp-block-heading\">\u00bf<strong>Qu\u00e9 es el CENIDA?<\/strong><\/h4>\n\n\n\n<p> Es el Centro Nacional de Informaci\u00f3n y Documentaci\u00f3n Agropecuaria y cuyo objetivo es contribuir al desarrollo cient\u00edfico-t\u00e9cnico del sector agropecuario del pa\u00eds mediante la identificaci\u00f3n, selecci\u00f3n y captaci\u00f3n de la informaci\u00f3n sobre las ciencias agropecuarias y afines para su respectivo procesamiento y diseminaci\u00f3n. <\/p>\n\n\n\n<h4 class=\"wp-block-heading\"><strong>Antecedentes <\/strong><\/h4>\n\n\n\n<p>El Centro Nacional de Informaci\u00f3n y Documentaci\u00f3n Agropecuaria (CENIDA) fue creado 1984. Desde su fundaci\u00f3n el CENIDA ha desempe\u00f1ado las siguientes funciones:<\/p>\n\n\n\n<ul class=\"wp-block-list\"><li>Actuar como Biblioteca Universitaria, respondiendo a demandas y necesidades de la informaci\u00f3n de estudiantes, docentes e investigadores.<\/li><li> Actuar como Sistema de informaci\u00f3n satisfaciendo las solicitudes de informaci\u00f3n de productores, investigadores, organizaciones e instituciones agr\u00edcolas y pecuarias.<\/li><\/ul>\n\n\n\n<p>El CENIDA es reconocido a nivel nacional e internacional como :<\/p>\n\n\n\n<ul class=\"wp-block-list\"><li>Centro coordinador de la Red Nacional de Informaci\u00f3n y Documentaci\u00f3n Agraria (RENIDA).<\/li><li> Nodo Nacional AGRIS (Sistema Internacional de Informaci\u00f3n sobre Ciencia y Tecnolog\u00eda) de la FAO.<\/li><li><\/li><li> Nodo en enlace para la ejecuci\u00f3n de Proyectos de recopilaci\u00f3n y difusi\u00f3n de informaci\u00f3n sobre agricultura, sector pecuario, recursos naturales y medio ambiente.<\/li><\/ul>\n\n\n\n<h4 class=\"wp-block-heading\"><strong>Especialidad tem\u00e1tica<\/strong><\/h4>\n\n\n\n<p>Agricultura en General. Geograf\u00eda e Historia. Administraci\u00f3n y legislaci\u00f3n. Econom\u00eda, desarrollo y sociolog\u00eda rural. Ciencia y Producci\u00f3n Vegetal. Protecci\u00f3n de plantas. Tecnolog\u00eda Post Cosecha. Ciencias forestales.<\/p>\n\n\n\n<h4 class=\"wp-block-heading\"><strong>Misi\u00f3n<\/strong><\/h4>\n\n\n\n<p>Somos una instancia que responde a las necesidades de informaci\u00f3n de manera precisa y oportuna a fin de contribuir con el desarrollo acad\u00e9mico, cient\u00edfico &#8211; t\u00e9cnico del sector agrario del pa\u00eds.<\/p>\n\n\n\n<h4 class=\"wp-block-heading\"><strong>Visi\u00f3n<\/strong><\/h4>\n\n\n\n<p>Somos un centro de informaci\u00f3n y documentaci\u00f3n con liderazgo a nivel nacional e internacional en la gesti\u00f3n de la informaci\u00f3n agraria, que garantiza servicios de calidad con personal altamente calificado.<\/p>\n\n\n\n<h4 class=\"wp-block-heading\"><strong>Reglamento de los servicios de informaci\u00f3n del SIDUNA<\/strong><\/h4>\n\n\n\n<figure class=\"wp-block-image\"><img loading=\"lazy\" decoding=\"async\" width=\"280\" height=\"305\" src=\"https:\/\/cenida.una.edu.ni\/wp-content\/uploads\/2019\/03\/reglamento.png\" alt=\"\" class=\"wp-image-944\" srcset=\"https:\/\/cenida.una.edu.ni\/wp-content\/uploads\/2019\/03\/reglamento.png 280w, https:\/\/cenida.una.edu.ni\/wp-content\/uploads\/2019\/03\/reglamento-275x300.png 275w\" sizes=\"auto, (max-width: 280px) 100vw, 280px\" \/><\/figure>\n\n\n\n<p style=\"font-size:25px; text-align:center\"><a href=\"https:\/\/cenida.una.edu.ni\/index.php\/reglamento-de-los-servicios-de-informacion\/\">Descarga aqu\u00ed<\/a><\/p>\n","protected":false},"excerpt":{"rendered":"<p>\u00bfQu\u00e9 es el CENIDA? Es el Centro Nacional de Informaci\u00f3n y Documentaci\u00f3n Agropecuaria y cuyo objetivo es contribuir al desarrollo<\/p>\n","protected":false},"author":1,"featured_media":0,"parent":0,"menu_order":0,"comment_status":"closed","ping_status":"closed","template":"","meta":{"colormag_page_container_layout":"no_sidebar_content_centered","colormag_page_sidebar_layout":"no_sidebar","footnotes":""},"class_list":["post-62","page","type-page","status-publish","hentry"],"_links":{"self":[{"href":"https:\/\/cenida.una.edu.ni\/index.php\/wp-json\/wp\/v2\/pages\/62","targetHints":{"allow":["GET"]}}],"collection":[{"href":"https:\/\/cenida.una.edu.ni\/index.php\/wp-json\/wp\/v2\/pages"}],"about":[{"href":"https:\/\/cenida.una.edu.ni\/index.php\/wp-json\/wp\/v2\/types\/page"}],"author":[{"embeddable":true,"href":"https:\/\/cenida.una.edu.ni\/index.php\/wp-json\/wp\/v2\/users\/1"}],"replies":[{"embeddable":true,"href":"https:\/\/cenida.una.edu.ni\/index.php\/wp-json\/wp\/v2\/comments?post=62"}],"version-history":[{"count":21,"href":"https:\/\/cenida.una.edu.ni\/index.php\/wp-json\/wp\/v2\/pages\/62\/revisions"}],"predecessor-version":[{"id":3134,"href":"https:\/\/cenida.una.edu.ni\/index.php\/wp-json\/wp\/v2\/pages\/62\/revisions\/3134"}],"wp:attachment":[{"href":"https:\/\/cenida.una.edu.ni\/index.php\/wp-json\/wp\/v2\/media?parent=62"}],"curies":[{"name":"wp","href":"https:\/\/api.w.org\/{rel}","templated":true}]}}