{"id":1023,"date":"2019-03-25T18:48:49","date_gmt":"2019-03-25T18:48:49","guid":{"rendered":"http:\/\/cenida.una.edu.ni\/?page_id=1023"},"modified":"2019-03-25T18:48:50","modified_gmt":"2019-03-25T18:48:50","slug":"produccion-animal","status":"publish","type":"page","link":"https:\/\/cenida.una.edu.ni\/index.php\/produccion-animal\/","title":{"rendered":"Producci\u00f3n Animal"},"content":{"rendered":"\n<h4 class=\"wp-block-heading\"><strong>FEDNA<\/strong><\/h4>\n\n\n\n<p> Es una Fundaci\u00f3n docente sin \u00e1nimo de lucro creada por diversas personas del \u00e1mbito universitario y del sector industrial privado. Su objetivo es el desarrollo de la nutrici\u00f3n dentro del \u00e1mbito espa\u00f1ol y la difusi\u00f3n de conocimientos de car\u00e1cter cient\u00edfico sobre los \u00faltimos avances en Nutrici\u00f3n y Alimentaci\u00f3n Animal.  <a href=\"http:\/\/www.fundacionfedna.org\/\" target=\"_blank\" rel=\"noreferrer noopener\" aria-label=\"ENTRAR (opens in a new tab)\">ENTRAR<\/a><\/p>\n","protected":false},"excerpt":{"rendered":"<p>FEDNA Es una Fundaci\u00f3n docente sin \u00e1nimo de lucro creada por diversas personas del \u00e1mbito universitario y del sector industrial<\/p>\n","protected":false},"author":1,"featured_media":0,"parent":0,"menu_order":0,"comment_status":"closed","ping_status":"closed","template":"","meta":{"colormag_page_container_layout":"default_layout","colormag_page_sidebar_layout":"default_layout","footnotes":""},"class_list":["post-1023","page","type-page","status-publish","hentry"],"_links":{"self":[{"href":"https:\/\/cenida.una.edu.ni\/index.php\/wp-json\/wp\/v2\/pages\/1023","targetHints":{"allow":["GET"]}}],"collection":[{"href":"https:\/\/cenida.una.edu.ni\/index.php\/wp-json\/wp\/v2\/pages"}],"about":[{"href":"https:\/\/cenida.una.edu.ni\/index.php\/wp-json\/wp\/v2\/types\/page"}],"author":[{"embeddable":true,"href":"https:\/\/cenida.una.edu.ni\/index.php\/wp-json\/wp\/v2\/users\/1"}],"replies":[{"embeddable":true,"href":"https:\/\/cenida.una.edu.ni\/index.php\/wp-json\/wp\/v2\/comments?post=1023"}],"version-history":[{"count":1,"href":"https:\/\/cenida.una.edu.ni\/index.php\/wp-json\/wp\/v2\/pages\/1023\/revisions"}],"predecessor-version":[{"id":1024,"href":"https:\/\/cenida.una.edu.ni\/index.php\/wp-json\/wp\/v2\/pages\/1023\/revisions\/1024"}],"wp:attachment":[{"href":"https:\/\/cenida.una.edu.ni\/index.php\/wp-json\/wp\/v2\/media?parent=1023"}],"curies":[{"name":"wp","href":"https:\/\/api.w.org\/{rel}","templated":true}]}}