{"id":1020,"date":"2019-03-25T18:46:04","date_gmt":"2019-03-25T18:46:04","guid":{"rendered":"http:\/\/cenida.una.edu.ni\/?page_id=1020"},"modified":"2019-03-25T18:46:04","modified_gmt":"2019-03-25T18:46:04","slug":"medio-ambiente","status":"publish","type":"page","link":"https:\/\/cenida.una.edu.ni\/index.php\/medio-ambiente\/","title":{"rendered":"Medio Ambiente"},"content":{"rendered":"\n<h4 class=\"wp-block-heading\"><strong>EcoPortal.net<\/strong><\/h4>\n\n\n\n<p> Se ha convertido luego de m\u00e1s de nueve a\u00f1os en l\u00ednea en el mayor Portal de Internet en espa\u00f1ol dedicado al Medio Ambiente, la Naturaleza, los Derechos Humanos y la Calidad de Vida. Fue creado en el a\u00f1o 2000 con el objetivo de convertirse en una herramienta de consulta y espacio informativo y educativo en su tem\u00e1tica. Ha superado ampliamente los 350.000 usuarios \u00fanicos mensuales.  <a rel=\"noreferrer noopener\" aria-label=\"ENTRAR (opens in a new tab)\" href=\"https:\/\/www.ecoportal.net\/\" target=\"_blank\">ENTRAR<\/a><\/p>\n\n\n\n<h4 class=\"wp-block-heading\"><strong>Ecoticias.com<\/strong><\/h4>\n\n\n\n<p>Un equipo multidisciplinar, que apuesta por un sector espec\u00edfico con vocaci\u00f3n inequ\u00edvoca de liderazgo, informando, actualizando constantemente, e ininterrumpidamente los 365 d\u00edas al a\u00f1o, garantizamos nuestra audiencia como cualquier medio que se precie mediante informes diarios, semanales, mensuales o anuales de \u2018Google Analytics\u2019 . ECOticias.com tiene un target, definido y muy af\u00edn a todos los temas relacionados con la sostenibilidad.  <a href=\"https:\/\/www.ecoticias.com\/\" target=\"_blank\" rel=\"noreferrer noopener\" aria-label=\"ENTRAR (opens in a new tab)\">ENTRAR<\/a><br><br><\/p>\n","protected":false},"excerpt":{"rendered":"<p>EcoPortal.net Se ha convertido luego de m\u00e1s de nueve a\u00f1os en l\u00ednea en el mayor Portal de Internet en espa\u00f1ol<\/p>\n","protected":false},"author":1,"featured_media":0,"parent":0,"menu_order":0,"comment_status":"closed","ping_status":"closed","template":"","meta":{"colormag_page_container_layout":"default_layout","colormag_page_sidebar_layout":"default_layout","footnotes":""},"class_list":["post-1020","page","type-page","status-publish","hentry"],"_links":{"self":[{"href":"https:\/\/cenida.una.edu.ni\/index.php\/wp-json\/wp\/v2\/pages\/1020","targetHints":{"allow":["GET"]}}],"collection":[{"href":"https:\/\/cenida.una.edu.ni\/index.php\/wp-json\/wp\/v2\/pages"}],"about":[{"href":"https:\/\/cenida.una.edu.ni\/index.php\/wp-json\/wp\/v2\/types\/page"}],"author":[{"embeddable":true,"href":"https:\/\/cenida.una.edu.ni\/index.php\/wp-json\/wp\/v2\/users\/1"}],"replies":[{"embeddable":true,"href":"https:\/\/cenida.una.edu.ni\/index.php\/wp-json\/wp\/v2\/comments?post=1020"}],"version-history":[{"count":1,"href":"https:\/\/cenida.una.edu.ni\/index.php\/wp-json\/wp\/v2\/pages\/1020\/revisions"}],"predecessor-version":[{"id":1021,"href":"https:\/\/cenida.una.edu.ni\/index.php\/wp-json\/wp\/v2\/pages\/1020\/revisions\/1021"}],"wp:attachment":[{"href":"https:\/\/cenida.una.edu.ni\/index.php\/wp-json\/wp\/v2\/media?parent=1020"}],"curies":[{"name":"wp","href":"https:\/\/api.w.org\/{rel}","templated":true}]}}