{"id":1014,"date":"2019-03-25T18:34:08","date_gmt":"2019-03-25T18:34:08","guid":{"rendered":"http:\/\/cenida.una.edu.ni\/?page_id=1014"},"modified":"2019-03-25T18:40:47","modified_gmt":"2019-03-25T18:40:47","slug":"agricultura","status":"publish","type":"page","link":"https:\/\/cenida.una.edu.ni\/index.php\/agricultura\/","title":{"rendered":"Agricultura"},"content":{"rendered":"\n<h4 class=\"wp-block-heading\"><strong>FAOSTAT<\/strong><\/h4>\n\n\n\n<p> Es una base de datos que permite el acceso a m\u00e1s de 3 millones de series cronol\u00f3gicas y de datos con relaci\u00f3n a la alimentaci\u00f3n y agricultura. <strong>\u00c1reas Tem\u00e1ticas:<\/strong> Flujo el Comercio. Fertilizantes. Producci\u00f3n. Consumo de plaguicidas. Maquinarias.  <a rel=\"noreferrer noopener\" aria-label=\"ENTRAR (opens in a new tab)\" href=\"http:\/\/www.fao.org\/faostat\/es\/#home\" target=\"_blank\">ENTRAR<\/a><\/p>\n\n\n\n<h4 class=\"wp-block-heading\"><strong>LEISA Revista de agroecolog\u00eda<\/strong><\/h4>\n\n\n\n<p> Es una de las siete revistas que sobre la peque\u00f1a producci\u00f3n agr\u00edcola sostenible se publican con el auspicio de la Fundaci\u00f3n ILEIA y que circulan en varias regiones del mundo.  <a rel=\"noreferrer noopener\" aria-label=\"ENTRAR (opens in a new tab)\" href=\"http:\/\/www.leisa-al.org\/web\/\" target=\"_blank\">ENTRAR<\/a><\/p>\n\n\n\n<h4 class=\"wp-block-heading\"><strong>Revista Actualidad Agropecuaria<\/strong><\/h4>\n\n\n\n<p>Es una revista orientada a llenar las necesidades de nuestros hombres y mujeres del campo, en lo referente a los avances agrotecnol\u00f3gicos; de siembra, productos, precios, mercados y a la vez informarlos brevemente sobre los principales acontecimientos ocurridos en el pa\u00eds que han hecho noticias.  <a href=\"https:\/\/actualidadagropecuaria.com\/ediciones\/\" target=\"_blank\" rel=\"noreferrer noopener\" aria-label=\"ENTRAR (opens in a new tab)\">ENTRAR<\/a><\/p>\n\n\n\n<h4 class=\"wp-block-heading\"><strong>CONACAFE<\/strong><\/h4>\n\n\n\n<p>Es un foro oficial de discusi\u00f3n entre el sector p\u00fablico y privado para la formulacion de pol\u00edticas, planes y programas para el sector cafetalero en su conjunto. Representa a Nicaragua ante Organismos Internacionales, como la OIC, al mismo tiempo se encarga de mantener relaciones de cooperaci\u00f3n con organismos similates de otros pa\u00edses productores y consumidores de caf\u00e9. <a rel=\"noreferrer noopener\" aria-label=\"ENTRAR (opens in a new tab)\" href=\"http:\/\/www.conacafe.org.ni\/\" target=\"_blank\">ENTRAR<\/a><\/p>\n\n\n\n<h4 class=\"wp-block-heading\">CETREX<\/h4>\n\n\n\n<p>El Centro de Tr\u00e1mites de las Exportaciones (CETREX), es una Entidad P\u00fablica que brinda servicio al sector exportador. Fue creado mediante el Decreto Presidencial 30-94, del 28 de Junio de 1994. Se estableci\u00f3 con el objeto de centralizar la ejecuci\u00f3n de las funciones espec\u00edficas de las entidades p\u00fablicas que atienden los tr\u00e1mites requeridos por exportadores.Est\u00e1 adscrito a la Comisi\u00f3n Nacional de Promoci\u00f3n de Exportaciones (CNPE).<a rel=\"noreferrer noopener\" aria-label=\" ENTRAR (opens in a new tab)\" href=\"https:\/\/www.cetrex.gob.ni\/\" target=\"_blank\"> ENTRAR<\/a><\/p>\n\n\n\n<h4 class=\"wp-block-heading\">Biblioteca Digital IICA<\/h4>\n\n\n\n<p> La colecci\u00f3n digital del IICA facilita el acceso a los recursos electr\u00f3nicos y el cat\u00e1logo de bibliotecas del Instituto Interamericano de Cooperaci\u00f3n para la Agricultura (IICA).  <a href=\"http:\/\/orton.catie.ac.cr\/bibliotecadigital\/\" target=\"_blank\" rel=\"noreferrer noopener\" aria-label=\"ENTRAR (opens in a new tab)\">ENTRAR<\/a><\/p>\n\n\n\n<p><\/p>\n","protected":false},"excerpt":{"rendered":"<p>FAOSTAT Es una base de datos que permite el acceso a m\u00e1s de 3 millones de series cronol\u00f3gicas y de<\/p>\n","protected":false},"author":1,"featured_media":0,"parent":0,"menu_order":0,"comment_status":"closed","ping_status":"closed","template":"","meta":{"colormag_page_container_layout":"default_layout","colormag_page_sidebar_layout":"default_layout","footnotes":""},"class_list":["post-1014","page","type-page","status-publish","hentry"],"_links":{"self":[{"href":"https:\/\/cenida.una.edu.ni\/index.php\/wp-json\/wp\/v2\/pages\/1014","targetHints":{"allow":["GET"]}}],"collection":[{"href":"https:\/\/cenida.una.edu.ni\/index.php\/wp-json\/wp\/v2\/pages"}],"about":[{"href":"https:\/\/cenida.una.edu.ni\/index.php\/wp-json\/wp\/v2\/types\/page"}],"author":[{"embeddable":true,"href":"https:\/\/cenida.una.edu.ni\/index.php\/wp-json\/wp\/v2\/users\/1"}],"replies":[{"embeddable":true,"href":"https:\/\/cenida.una.edu.ni\/index.php\/wp-json\/wp\/v2\/comments?post=1014"}],"version-history":[{"count":4,"href":"https:\/\/cenida.una.edu.ni\/index.php\/wp-json\/wp\/v2\/pages\/1014\/revisions"}],"predecessor-version":[{"id":1018,"href":"https:\/\/cenida.una.edu.ni\/index.php\/wp-json\/wp\/v2\/pages\/1014\/revisions\/1018"}],"wp:attachment":[{"href":"https:\/\/cenida.una.edu.ni\/index.php\/wp-json\/wp\/v2\/media?parent=1014"}],"curies":[{"name":"wp","href":"https:\/\/api.w.org\/{rel}","templated":true}]}}