{"id":1004,"date":"2019-03-25T18:14:50","date_gmt":"2019-03-25T18:14:50","guid":{"rendered":"http:\/\/cenida.una.edu.ni\/?page_id=1004"},"modified":"2019-03-25T18:28:20","modified_gmt":"2019-03-25T18:28:20","slug":"agua","status":"publish","type":"page","link":"https:\/\/cenida.una.edu.ni\/index.php\/agua\/","title":{"rendered":"Agua"},"content":{"rendered":"\n<h4 class=\"wp-block-heading\"><strong>ANA<\/strong><\/h4>\n\n\n\n<p>La Autoridad Nacional del Agua fue creada por la Ley No.620 del d\u00eda 4 de Septiembre 2007 cuando el Cro. Presidente Comandante Daniel Ortega Saavedra la promulg\u00f3 mediante su publicaci\u00f3n en la Gaceta No. 169 del 4 de Septiembre 2007 y es a partir del d\u00eda 30 de Junio del corriente que se constituye La Autoridad Nacional del Agua.  <a rel=\"noreferrer noopener\" aria-label=\"ENTRAR (opens in a new tab)\" href=\"http:\/\/www.ana.gob.ni\/\" target=\"_blank\">ENTRAR<\/a><\/p>\n\n\n\n<h4 class=\"wp-block-heading\"><strong>Atl<\/strong><\/h4>\n\n\n\n<p>Es un sitio que busca difundir informaci\u00f3n, noticias, art\u00edculos, publicaciones, videos y otros contenidos sobre el Agua y la Sociedad del Conocimiento, que pudieran ser de inter\u00e9s del p\u00fablico en general ya que estamos convencidos que el conocimiento crece cuando se comparte.  <a rel=\"noreferrer noopener\" aria-label=\"ENTRAR (opens in a new tab)\" href=\"http:\/\/www.atl.org.mx\/\" target=\"_blank\">ENTRAR<\/a><\/p>\n\n\n\n<h4 class=\"wp-block-heading\"><strong>E-journal<\/strong><\/h4>\n\n\n\n<p> Es una selecta colecci\u00f3n, en formato digital, de revistas cient\u00edficas y human\u00edsticas editadas por diversas dependencias acad\u00e9micas. <a rel=\"noreferrer noopener\" aria-label=\"ENTRAR (opens in a new tab)\" href=\"http:\/\/www.ejournal.unam.mx\/index.html\" target=\"_blank\">ENTRAR<\/a><\/p>\n\n\n\n<h4 class=\"wp-block-heading\">www.agua.org.mx<\/h4>\n\n\n\n<p>Es un portal interactivo de f\u00e1cil acceso que pretende dar espacio virtual en Internet a todas las voces preocupadas y activas por el agua en M\u00e9xico. Este portal brinda las herramientas computacionales para trabajar en equipo, en grupos, en comunidades. <a rel=\"noreferrer noopener\" aria-label=\"ENTRAR (opens in a new tab)\" href=\"https:\/\/www.agua.org.mx\/\" target=\"_blank\">ENTRAR<\/a><\/p>\n\n\n\n<h4 class=\"wp-block-heading\">La Alianza por el Agua<\/h4>\n\n\n\n<p> Es una iniciativa que vincula a administraciones p\u00fablicas, empresas abastecedoras de agua, centros de investigaci\u00f3n y opini\u00f3n, entidades sociales y ciudadanos, tanto de Espa\u00f1a como Centroam\u00e9rica en una uni\u00f3n de amplio alcance para impulsar el derecho humano al agua y al saneamiento de la poblaci\u00f3n centroamericana en el marco de los Objetivos de Desarrollo del Milenio.  <a href=\"http:\/\/www.alianzaporelagua.org\/\" target=\"_blank\" rel=\"noreferrer noopener\" aria-label=\"ENTRAR (opens in a new tab)\">ENTRAR<\/a><\/p>\n","protected":false},"excerpt":{"rendered":"<p>ANA La Autoridad Nacional del Agua fue creada por la Ley No.620 del d\u00eda 4 de Septiembre 2007 cuando el<\/p>\n","protected":false},"author":1,"featured_media":0,"parent":0,"menu_order":0,"comment_status":"closed","ping_status":"closed","template":"","meta":{"colormag_page_container_layout":"default_layout","colormag_page_sidebar_layout":"default_layout","footnotes":""},"class_list":["post-1004","page","type-page","status-publish","hentry"],"_links":{"self":[{"href":"https:\/\/cenida.una.edu.ni\/index.php\/wp-json\/wp\/v2\/pages\/1004","targetHints":{"allow":["GET"]}}],"collection":[{"href":"https:\/\/cenida.una.edu.ni\/index.php\/wp-json\/wp\/v2\/pages"}],"about":[{"href":"https:\/\/cenida.una.edu.ni\/index.php\/wp-json\/wp\/v2\/types\/page"}],"author":[{"embeddable":true,"href":"https:\/\/cenida.una.edu.ni\/index.php\/wp-json\/wp\/v2\/users\/1"}],"replies":[{"embeddable":true,"href":"https:\/\/cenida.una.edu.ni\/index.php\/wp-json\/wp\/v2\/comments?post=1004"}],"version-history":[{"count":8,"href":"https:\/\/cenida.una.edu.ni\/index.php\/wp-json\/wp\/v2\/pages\/1004\/revisions"}],"predecessor-version":[{"id":1013,"href":"https:\/\/cenida.una.edu.ni\/index.php\/wp-json\/wp\/v2\/pages\/1004\/revisions\/1013"}],"wp:attachment":[{"href":"https:\/\/cenida.una.edu.ni\/index.php\/wp-json\/wp\/v2\/media?parent=1004"}],"curies":[{"name":"wp","href":"https:\/\/api.w.org\/{rel}","templated":true}]}}